{"id":1227,"date":"2021-08-18T01:05:54","date_gmt":"2021-08-17T22:05:54","guid":{"rendered":"http:\/\/www.zodyakyapi.com.tr\/?page_id=1227"},"modified":"2021-08-18T01:06:25","modified_gmt":"2021-08-17T22:06:25","slug":"corporate-identity","status":"publish","type":"page","link":"https:\/\/www.zodyakyapi.com.tr\/en\/about-us-2\/corporate-identity\/","title":{"rendered":"Corporate Identity"},"content":{"rendered":"\n<div class=\"wp-block-group\"><div class=\"wp-block-group__inner-container\">\n<figure class=\"wp-block-table aligncenter is-style-regular\"><table class=\"has-white-color has-text-color has-background has-fixed-layout\" style=\"background-color:#062b60\"><thead><tr><th class=\"has-text-align-right\" data-align=\"right\"><br>Corporate Identity<br><\/th><th class=\"has-text-align-left\" data-align=\"left\">          <\/th><\/tr><\/thead><tbody><tr><td class=\"has-text-align-right\" data-align=\"right\">         <strong>        Company Name<\/strong>   :   <br><br><\/td><td class=\"has-text-align-left\" data-align=\"left\">  <span style=\"color:#062b60\" class=\"has-inline-color\">\u2192\u2192<\/span>  <strong>Zodyak Yap\u0131 Akaryak\u0131t, \u0130n\u015faat, Temizlik, G\u0131da <\/strong><br>   <span style=\"color:#062b60\" class=\"has-inline-color\">\u2192\u2192<\/span><strong>Nakliye,  \u0130thalat \u0130hracat, Sanayi ve Ticaret  Limited \u015eirketi<\/strong><\/td><\/tr><tr><td class=\"has-text-align-right\" data-align=\"right\">         Founder<strong>   <\/strong>:   <\/td><td class=\"has-text-align-left\" data-align=\"left\"> <span style=\"color:#062b60\" class=\"has-inline-color\">\u2192\u2192<\/span>  <strong>Ali SALIK<\/strong><\/td><\/tr><tr><td class=\"has-text-align-right\" data-align=\"right\">         <strong>          Establishment Year <strong>  :<\/strong><\/strong>   <\/td><td class=\"has-text-align-left\" data-align=\"left\">  <span style=\"color:#062b60\" class=\"has-inline-color\">\u2192\u2192<\/span>  <strong>2012<\/strong><\/td><\/tr><tr><td class=\"has-text-align-right\" data-align=\"right\">       <strong>        <strong><strong>Place of  <strong>Establishment<\/strong> <\/strong><\/strong><\/strong>   :   <\/td><td class=\"has-text-align-left\" data-align=\"left\">  <span style=\"color:#062b60\" class=\"has-inline-color\">\u2192\u2192<\/span>  <strong>Diyarbak\u0131r<\/strong><\/td><\/tr><tr><td class=\"has-text-align-right\" data-align=\"right\">         <strong>          <strong><strong>Tax Administration<\/strong><\/strong> <strong> <\/strong><\/strong>  :    <\/td><td class=\"has-text-align-left\" data-align=\"left\">  <span style=\"color:#062b60\" class=\"has-inline-color\">\u2192\u2192<\/span>  <strong>S\u00fcleymannazif<\/strong><\/td><\/tr><tr><td class=\"has-text-align-right\" data-align=\"right\">                           <strong>Tax Number<\/strong>    :    <\/td><td class=\"has-text-align-left\" data-align=\"left\">  <span style=\"color:#062b60\" class=\"has-inline-color\">\u2192\u2192<\/span>  <strong>9980739944<\/strong><\/td><\/tr><tr><td class=\"has-text-align-right\" data-align=\"right\">          <strong>          <strong>Web<\/strong><\/strong> <strong>Addres<\/strong>s    :    <\/td><td class=\"has-text-align-left\" data-align=\"left\">   <span style=\"color:#062b60\" class=\"has-inline-color\">\u2192\u2192<\/span>  <strong>www.zodyakyapi.com.tr<\/strong><\/td><\/tr><tr><td class=\"has-text-align-right\" data-align=\"right\">          <strong>e-posta<\/strong>    :    <\/td><td class=\"has-text-align-left\" data-align=\"left\">   <span style=\"color:#062b60\" class=\"has-inline-color\">\u2192\u2192<\/span>  <strong>info@zodyakyapi.com.tr <\/strong><\/td><\/tr><tr><td class=\"has-text-align-right\" data-align=\"right\">          <strong>Address<\/strong>    :   <br><br>    <\/td><td class=\"has-text-align-left\" data-align=\"left\">   <span style=\"color:#062b60\" class=\"has-inline-color\">\u2192\u2192<\/span>   <strong>Peyas Mah. 235. Sok. Akg\u00fcl Apt. Kat: 2 No: 8<br>   <span style=\"color:#062b60\" class=\"has-inline-color\">\u2192\u2192<\/span>   Kayap\u0131nar\/ Diyarbak\u0131r\/ T\u00dcRK\u0130YE<\/strong><\/td><\/tr><\/tbody><\/table><\/figure>\n<\/div><\/div>\n","protected":false},"excerpt":{"rendered":"<p>Corporate Identity Company Name : \u2192\u2192 Zodyak Yap\u0131 Akaryak\u0131t, \u0130n\u015faat, Temizlik, G\u0131da \u2192\u2192Nakliye, \u0130thalat \u0130hracat, Sanayi ve Ticaret Limited \u015eirketi Founder : \u2192\u2192 Ali SALIK Establishment Year : \u2192\u2192 2012 Place of Establishment : \u2192\u2192 Diyarbak\u0131r Tax Administration : \u2192\u2192 S\u00fcleymannazif Tax Number : \u2192\u2192 9980739944 Web Address : \u2192\u2192 www.zodyakyapi.com.tr e-posta : \u2192\u2192 info@zodyakyapi.com.tr [&hellip;]<\/p>\n","protected":false},"author":1,"featured_media":440,"parent":1072,"menu_order":2,"comment_status":"closed","ping_status":"closed","template":"pages\/page-full.php","meta":[],"_links":{"self":[{"href":"https:\/\/www.zodyakyapi.com.tr\/en\/wp-json\/wp\/v2\/pages\/1227"}],"collection":[{"href":"https:\/\/www.zodyakyapi.com.tr\/en\/wp-json\/wp\/v2\/pages"}],"about":[{"href":"https:\/\/www.zodyakyapi.com.tr\/en\/wp-json\/wp\/v2\/types\/page"}],"author":[{"embeddable":true,"href":"https:\/\/www.zodyakyapi.com.tr\/en\/wp-json\/wp\/v2\/users\/1"}],"replies":[{"embeddable":true,"href":"https:\/\/www.zodyakyapi.com.tr\/en\/wp-json\/wp\/v2\/comments?post=1227"}],"version-history":[{"count":1,"href":"https:\/\/www.zodyakyapi.com.tr\/en\/wp-json\/wp\/v2\/pages\/1227\/revisions"}],"predecessor-version":[{"id":1228,"href":"https:\/\/www.zodyakyapi.com.tr\/en\/wp-json\/wp\/v2\/pages\/1227\/revisions\/1228"}],"up":[{"embeddable":true,"href":"https:\/\/www.zodyakyapi.com.tr\/en\/wp-json\/wp\/v2\/pages\/1072"}],"wp:featuredmedia":[{"embeddable":true,"href":"https:\/\/www.zodyakyapi.com.tr\/en\/wp-json\/wp\/v2\/media\/440"}],"wp:attachment":[{"href":"https:\/\/www.zodyakyapi.com.tr\/en\/wp-json\/wp\/v2\/media?parent=1227"}],"curies":[{"name":"wp","href":"https:\/\/api.w.org\/{rel}","templated":true}]}}